{"id":3,"date":"2024-08-05T11:43:32","date_gmt":"2024-08-05T09:43:32","guid":{"rendered":"https:\/\/www.stickandgo.fr\/?page_id=3"},"modified":"2024-08-08T16:34:12","modified_gmt":"2024-08-08T14:34:12","slug":"mentions-legales-et-politique-de-confidentialite","status":"publish","type":"page","link":"https:\/\/www.stickandgo.fr\/index.php\/mentions-legales-et-politique-de-confidentialite\/","title":{"rendered":"Mentions L\u00e9gales et Politique de confidentialit\u00e9"},"content":{"rendered":"<section  class='av_textblock_section av-lzld9cp7-6cd40c58e1648ea475d0cc674508df64 '   itemscope=\"itemscope\" itemtype=\"https:\/\/schema.org\/CreativeWork\" ><div class='avia_textblock'  itemprop=\"text\" ><h1>Mentions L\u00e9gales<\/h1>\n<p><em>r\u00e9glement\u00e9es par la Loi n\u00b0 2004-575 du 21 juin 2004<\/em><br \/>\n<em>pour la confiance dans l\u2019\u00e9conomie num\u00e9rique<\/em><\/p>\n<h2>\u00c9dition<\/h2>\n<p>Ce site est \u00e9dit\u00e9 par <b>Stick &amp; Go ! Arnaud De Brem<\/b><br \/>\n9 rue Jean Mermoz, 44980 Sainte-Luce-sur-Loire<br \/>\nSiret : 53184842200030 \u2013 Code APE : 7311Z<\/p>\n<p>H\u00e9bergement du site : OVH \u2013<strong>\u00a0<a href=\"http:\/\/www.ovh.com\/\" target=\"_blank\" rel=\"noopener noreferrer\">www.ovh.com<\/a><\/strong><\/p>\n<p>Site mis en ligne par Stick &amp; Go !<\/p>\n<h3>Responsabilit\u00e9<\/h3>\n<p>Le propri\u00e9taire assure seul la responsabilit\u00e9 des informations et des prestations fournies. Cependant, \u00a0<b>Stick &amp; Go !<\/b>\u00a0s\u2019efforce d\u2019assurer au mieux de ses possibilit\u00e9s, l\u2019exactitude et la mise \u00e0 jour des informations diffus\u00e9es sur ce site, dont elle se r\u00e9serve le droit de corriger, \u00e0 tout moment et sans pr\u00e9avis, le contenu.<\/p>\n<p>Aussi, elle avertit le visiteur qu\u2019il lui appartient de v\u00e9rifier l\u2019information par d\u2019autres moyens. En cons\u00e9quence, \u00a0<b>Stick &amp; Go !<\/b>\u00a0d\u00e9cline toute responsabilit\u00e9 : pour toute impr\u00e9cision, inexactitude ou omission portant sur des informations disponibles sur le site ; pour tous dommages r\u00e9sultant d\u2019une intrusion frauduleuse d\u2019un tiers ayant entra\u00een\u00e9 une modification des informations mises \u00e0 la disposition sur le site ; et plus g\u00e9n\u00e9ralement pour tous dommages, directs ou indirects, qu\u2019elles qu\u2019en soient les causes, origines, nature ou cons\u00e9quences, provoqu\u00e9s \u00e0 raison de l\u2019acc\u00e8s de quiconque au site ou de l\u2019impossibilit\u00e9 d\u2019y acc\u00e9der, de m\u00eame que l\u2019utilisation du site et\/ou du cr\u00e9dit accord\u00e9 \u00e0 une quelconque information provenant directement ou indirectement de ce dernier.<\/p>\n<p>Par ailleurs, sauf mention contraire, les droits de propri\u00e9t\u00e9 intellectuelle sur les documents contenus dans le site et chacun des \u00e9l\u00e9ments cr\u00e9\u00e9s pour ce site sont la propri\u00e9t\u00e9 exclusive de \u00a0<b>Stick &amp; Go !<\/b>\u00a0ou de ses fournisseurs, ceux-ci ne conc\u00e9dant aucune licence, ni aucun droit que celui de consulter le site.<\/p>\n<p>La reproduction de tous documents publi\u00e9s sur le site est seulement autoris\u00e9e \u00e0 des fins exclusives d\u2019informations pour un usage personnel et priv\u00e9, toute reproduction et toute utilisation de copies r\u00e9alis\u00e9es \u00e0 d\u2019autres fins \u00e9tant express\u00e9ment interdite.<\/p>\n<p>Toutes les marques cit\u00e9es dans ce site appartiennent \u00e0 leurs compagnies respectives. Tous les produits, logos, et images cit\u00e9s dans les pages de ce site sont la propri\u00e9t\u00e9 de leur marque respective.<\/p>\n<h3>Droits d\u2019auteur<\/h3>\n<p>L\u2019ensemble de ce site rel\u00e8ve de la l\u00e9gislation fran\u00e7aise et internationale sur le droit d\u2019auteur et la propri\u00e9t\u00e9 intellectuelle. Toute repr\u00e9sentation, reproduction, modification, utilisation commerciale, ainsi que tout transfert vers un autre site sont interdits, sauf autorisation \u00e0 demander par e-mail. Seule une utilisation \u00e0 des fins strictement personnelles est autoris\u00e9e.<\/p>\n<h3>Liens hypertexte<\/h3>\n<p>Les liens hypertextes pr\u00e9sents sur le site orientant les utilisateurs vers d\u2019autres sites Internet n\u2019engagent pas la responsabilit\u00e9 de \u00a0<b>Stick &amp; Go !<\/b>\u00a0quant au contenu de ces sites.<\/p>\n<p>Toute personne physique ou morale souhaitant que soit \u00e9tabli un lien avec<strong> www.stickandgo.fr <\/strong>\u00e0 partir de notre site, doit pr\u00e9alablement en demander l\u2019autorisation. L\u2019\u00e9tablissement de lien vers notre site ne requiert pas d\u2019autorisation. \u00a0<b>Stick &amp; Go !<\/b>\u00a0d\u00e9gage toute responsabilit\u00e9 dans ce cas.<\/p>\n<h3>Politique de confidentialit\u00e9<\/h3>\n<h4>Traitement des donn\u00e9es personnelles<\/h4>\n<p>En application des articles 13 et 14 du R\u00e8glement europ\u00e9en G\u00e9n\u00e9ral sur la Protection des Donn\u00e9es (2016\/679) et de l\u2019article 32 de la Loi Informatique et Libert\u00e9s du 6 janvier 1978, le Directeur de Publication du site vous informe que :<\/p>\n<ol>\n<li>\n<h4>Responsable du traitement et d\u00e9l\u00e9gu\u00e9 \u00e0 la protection des donn\u00e9es<\/h4>\n<\/li>\n<\/ol>\n<p>Le responsable de traitement des donn\u00e9es personnelles collect\u00e9es via le site est :<\/p>\n<p><b>Stick &amp; Go !<\/b> \u2013 SARL unipersonnelle au capital social de 8000 \u20ac<br \/>\n9 rue Jean Mermoz, Sainte-Luce-sur-Loire<br \/>\nSiret : 53184842200030 \u2013 Code APE : 7311Z<\/p>\n<ol start=\"2\">\n<li>\n<h4>Donn\u00e9es personnelles collect\u00e9es via le site et base l\u00e9gale de notre traitement<\/h4>\n<\/li>\n<\/ol>\n<p>Nous collectons les donn\u00e9es personnelles suivantes :<\/p>\n<ul>\n<li>Votre adresse email lorsque vous utilisez la page \u00ab Contact \u00bb pour nous envoyer un message par email. Les autres renseignements d\u2019ordre personnel tels que noms, adresse postale et donn\u00e9es personnelles contenus dans vos messages ne sont recueillies que s\u2019ils sont fournis volontairement par vous lors de l\u2019envoi de votre message.<br \/>\nDans ces cas, la base l\u00e9gale du traitement est l\u2019obtention pr\u00e9alable de votre consentement formalis\u00e9 par l\u2019envoi de votre message par email. Nous n\u2019utilisons pas ces donn\u00e9es \u00e0 moins qu\u2019elles soient n\u00e9cessaires au traitement de votre demande et en lien direct avec la finalit\u00e9 pour laquelle vous nous les communiquez.<\/li>\n<\/ul>\n<p>Les informations obligatoires sont marqu\u00e9es d\u2019un ast\u00e9risque sur le formulaire permettant leur collecte. Ces informations nous sont n\u00e9cessaires pour traiter votre demande ou pour vous identifier. Si les utilisateurs choisissent de ne pas les communiquer, <b>Stick &amp; Go !<\/b>\u00a0ne sera pas \u00e0 m\u00eame de traiter leur demande.<\/p>\n<ol start=\"3\">\n<li>\n<h4>Finalit\u00e9s du traitement de vos donn\u00e9es personnelles<\/h4>\n<\/li>\n<\/ol>\n<p>Sur la base de votre consentement pr\u00e9alable, les donn\u00e9es personnelles vous concernant sont collect\u00e9es et trait\u00e9es par <b>Stick &amp; Go !<\/b>\u00a0pour les finalit\u00e9s suivantes :<\/p>\n<ul>\n<li>Le traitement de vos demandes et messages adress\u00e9s via la page \u00ab Contact \u00bb ;<\/li>\n<li>La gestion de vos candidatures en r\u00e9ponse \u00e0 nos offres d\u2019emploi ou dans le cadre de candidatures spontan\u00e9es.<\/li>\n<\/ul>\n<ol start=\"4\">\n<li>\n<h4>Destinataires de vos donn\u00e9es personnelles<\/h4>\n<\/li>\n<\/ol>\n<p>Vos donn\u00e9es sont exclusivement accessibles :<\/p>\n<ul>\n<li>aux personnes faisant partie de l\u2019entreprise <b>Stick &amp; Go !<\/b>\u00a0et ayant besoin d\u2019y acc\u00e9der dans le cadre de leurs fonctions.<\/li>\n<\/ul>\n<ol start=\"5\">\n<li>\n<h4>Conservation de vos donn\u00e9es personnelles<\/h4>\n<\/li>\n<\/ol>\n<p><b>Stick &amp; Go !<\/b> conserve les informations personnelles que les utilisateurs lui ont communiqu\u00e9es pour des dur\u00e9es limit\u00e9es et en pr\u00e9servant la s\u00e9curit\u00e9 de ces informations par un syst\u00e8me informatique prot\u00e9g\u00e9.<\/p>\n<p>Les donn\u00e9es sont conserv\u00e9es pendant une dur\u00e9e qui n\u2019exc\u00e8de pas la dur\u00e9e n\u00e9cessaire aux finalit\u00e9s pour lesquelles elles ont \u00e9t\u00e9 collect\u00e9es, en particulier :<\/p>\n<ul>\n<li>Les donn\u00e9es collect\u00e9es pour r\u00e9pondre aux demandes que vous nous adressez sont conserv\u00e9es pour une dur\u00e9e n\u2019exc\u00e9dant pas la dur\u00e9e n\u00e9cessaire au traitement de la demande que vous avez formul\u00e9e. Les donn\u00e9es collect\u00e9es pour la gestion de vos candidatures \u00e0 un poste au sein de l\u2019entreprise <b>Stick &amp; Go !<\/b>, seront conserv\u00e9es au maximum 2 ann\u00e9es \u00e0 compter du dernier contact de votre part sauf si vous vous y opposez ou \u00eates effectivement recrut\u00e9.<\/li>\n<\/ul>\n<ol start=\"6\">\n<li>\n<h4>Modification de notre politique de confidentialit\u00e9<\/h4>\n<\/li>\n<\/ol>\n<p><b>Stick &amp; Go !<\/b> peut \u00eatre amen\u00e9 \u00e0 modifier la pr\u00e9sente Politique.<\/p>\n<p>Nous veillerons \u00e0 ce que vous soyez inform\u00e9s de ces modifications par une mention sp\u00e9ciale sur notre site, et\/ou par un avertissement personnalis\u00e9 par email.<\/p>\n<p>Dans tous les cas, nous vous invitons \u00e0 consulter r\u00e9guli\u00e8rement notre Politique de confidentialit\u00e9.<\/p>\n<\/div><\/section>\n<section  class='av_textblock_section av-lzldbmad-a21ef3f11e2a7dbb0639810d6b7a664a '   itemscope=\"itemscope\" itemtype=\"https:\/\/schema.org\/CreativeWork\" ><div class='avia_textblock'  itemprop=\"text\" ><h2>Politique de confidentialit\u00e9<\/h2>\n<p><strong>Qui sommes-nous\u00a0?<\/strong><\/p>\n<p>L\u2019adresse de notre site est : https:\/\/www.stickandgo.fr.<\/p>\n<p><strong>Commentaires<\/strong><\/p>\n<p>Quand vous laissez un commentaire sur notre site, les donn\u00e9es inscrites dans le formulaire de commentaire, ainsi que votre adresse IP et l\u2019agent utilisateur de votre navigateur sont collect\u00e9s pour nous aider \u00e0 la d\u00e9tection des commentaires ind\u00e9sirables.<\/p>\n<p>Une cha\u00eene anonymis\u00e9e cr\u00e9\u00e9e \u00e0 partir de votre adresse e-mail (\u00e9galement appel\u00e9e hash) peut \u00eatre envoy\u00e9e au service Gravatar pour v\u00e9rifier si vous utilisez ce dernier. Les clauses de confidentialit\u00e9 du service Gravatar sont disponibles ici\u00a0: https:\/\/automattic.com\/privacy\/. Apr\u00e8s validation de votre commentaire, votre photo de profil sera visible publiquement \u00e0 cot\u00e9 de votre commentaire.<\/p>\n<p><strong>M\u00e9dias<\/strong><\/p>\n<p>Si vous t\u00e9l\u00e9versez des images sur le site, nous vous conseillons d\u2019\u00e9viter de t\u00e9l\u00e9verser des images contenant des donn\u00e9es EXIF de coordonn\u00e9es GPS. Les personnes visitant votre site peuvent t\u00e9l\u00e9charger et extraire des donn\u00e9es de localisation depuis ces images.<\/p>\n<p><strong>Cookies<\/strong><\/p>\n<p>Si vous d\u00e9posez un commentaire sur notre site, il vous sera propos\u00e9 d\u2019enregistrer votre nom, adresse e-mail et site dans des cookies. C\u2019est uniquement pour votre confort afin de ne pas avoir \u00e0 saisir ces informations si vous d\u00e9posez un autre commentaire plus tard. Ces cookies expirent au bout d\u2019un an.<\/p>\n<p>Si vous vous rendez sur la page de connexion, un cookie temporaire sera cr\u00e9\u00e9 afin de d\u00e9terminer si votre navigateur accepte les cookies. Il ne contient pas de donn\u00e9es personnelles et sera supprim\u00e9 automatiquement \u00e0 la fermeture de votre navigateur.<\/p>\n<p>Lorsque vous vous connecterez, nous mettrons en place un certain nombre de cookies pour enregistrer vos informations de connexion et vos pr\u00e9f\u00e9rences d\u2019\u00e9cran. La dur\u00e9e de vie d\u2019un cookie de connexion est de deux jours, celle d\u2019un cookie d\u2019option d\u2019\u00e9cran est d\u2019un an. Si vous cochez \u00ab\u00a0Se souvenir de moi\u00a0\u00bb, votre cookie de connexion sera conserv\u00e9 pendant deux semaines. Si vous vous d\u00e9connectez de votre compte, le cookie de connexion sera effac\u00e9.<\/p>\n<p>En modifiant ou en publiant une publication, un cookie suppl\u00e9mentaire sera enregistr\u00e9 dans votre navigateur. Ce cookie ne comprend aucune donn\u00e9e personnelle. Il indique simplement l\u2019ID de la publication que vous venez de modifier. Il expire au bout d\u2019un jour.<\/p>\n<p><strong>Contenu embarqu\u00e9 depuis d\u2019autres sites<\/strong><\/p>\n<p>Les articles de ce site peuvent inclure des contenus int\u00e9gr\u00e9s (par exemple des vid\u00e9os, images, articles\u2026). Le contenu int\u00e9gr\u00e9 depuis d\u2019autres sites se comporte de la m\u00eame mani\u00e8re que si le visiteur se rendait sur cet autre site.<\/p>\n<p>Ces sites web pourraient collecter des donn\u00e9es sur vous, utiliser des cookies, embarquer des outils de suivis tiers, suivre vos interactions avec ces contenus embarqu\u00e9s si vous disposez d\u2019un compte connect\u00e9 sur leur site web.<\/p>\n<p><strong>Utilisation et transmission de vos donn\u00e9es personnelles<\/strong><\/p>\n<p>Si vous demandez une r\u00e9initialisation de votre mot de passe, votre adresse IP sera incluse dans l\u2019e-mail de r\u00e9initialisation.<\/p>\n<p><strong>Dur\u00e9es de stockage de vos donn\u00e9es<\/strong><\/p>\n<p>Si vous laissez un commentaire, le commentaire et ses m\u00e9tadonn\u00e9es sont conserv\u00e9s ind\u00e9finiment. Cela permet de reconna\u00eetre et approuver automatiquement les commentaires suivants au lieu de les laisser dans la file de mod\u00e9ration.<\/p>\n<p>Pour les comptes qui s\u2019inscrivent sur notre site (le cas \u00e9ch\u00e9ant), nous stockons \u00e9galement les donn\u00e9es personnelles indiqu\u00e9es dans leur profil. Tous les comptes peuvent voir, modifier ou supprimer leurs informations personnelles \u00e0 tout moment (\u00e0 l\u2019exception de leur identifiant). Les gestionnaires du site peuvent aussi voir et modifier ces informations.<\/p>\n<p><strong>Les droits que vous avez sur vos donn\u00e9es<\/strong><\/p>\n<p>Si vous avez un compte ou si vous avez laiss\u00e9 des commentaires sur le site, vous pouvez demander \u00e0 recevoir un fichier contenant toutes les donn\u00e9es personnelles que nous poss\u00e9dons \u00e0 votre sujet, incluant celles que vous nous avez fournies. Vous pouvez \u00e9galement demander la suppression des donn\u00e9es personnelles vous concernant. Cela ne prend pas en compte les donn\u00e9es stock\u00e9es \u00e0 des fins administratives, l\u00e9gales ou pour des raisons de s\u00e9curit\u00e9.<\/p>\n<p><strong>Transmission de vos donn\u00e9es personnelles<\/strong><\/p>\n<p>Les commentaires des visiteurs peuvent \u00eatre v\u00e9rifi\u00e9s \u00e0 l\u2019aide d\u2019un service automatis\u00e9 de d\u00e9tection des commentaires ind\u00e9sirables.<\/p>\n<\/div><\/section>\n","protected":false},"excerpt":{"rendered":"","protected":false},"author":1,"featured_media":0,"parent":0,"menu_order":10,"comment_status":"closed","ping_status":"closed","template":"","meta":{"footnotes":""},"class_list":["post-3","page","type-page","status-publish","hentry"],"_links":{"self":[{"href":"https:\/\/www.stickandgo.fr\/index.php\/wp-json\/wp\/v2\/pages\/3","targetHints":{"allow":["GET"]}}],"collection":[{"href":"https:\/\/www.stickandgo.fr\/index.php\/wp-json\/wp\/v2\/pages"}],"about":[{"href":"https:\/\/www.stickandgo.fr\/index.php\/wp-json\/wp\/v2\/types\/page"}],"author":[{"embeddable":true,"href":"https:\/\/www.stickandgo.fr\/index.php\/wp-json\/wp\/v2\/users\/1"}],"replies":[{"embeddable":true,"href":"https:\/\/www.stickandgo.fr\/index.php\/wp-json\/wp\/v2\/comments?post=3"}],"version-history":[{"count":2,"href":"https:\/\/www.stickandgo.fr\/index.php\/wp-json\/wp\/v2\/pages\/3\/revisions"}],"predecessor-version":[{"id":180,"href":"https:\/\/www.stickandgo.fr\/index.php\/wp-json\/wp\/v2\/pages\/3\/revisions\/180"}],"wp:attachment":[{"href":"https:\/\/www.stickandgo.fr\/index.php\/wp-json\/wp\/v2\/media?parent=3"}],"curies":[{"name":"wp","href":"https:\/\/api.w.org\/{rel}","templated":true}]}}